{"id":2089,"date":"2025-05-22T12:14:25","date_gmt":"2025-05-22T12:14:25","guid":{"rendered":"https:\/\/dejabg.eu\/product\/dandelion-a5\/"},"modified":"2025-08-21T13:04:52","modified_gmt":"2025-08-21T13:04:52","slug":"dandelion-a5","status":"publish","type":"product","link":"https:\/\/dejabg.eu\/fr\/produit\/dandelion-a5\/","title":{"rendered":"PISSENLIT A5"},"content":{"rendered":"<p>Carnet de pissenlits avec reliure en spirale semi-cach\u00e9e. Couverture &#8211; couverture rigide avec papier thermoactif avec gaufrage \u00e0 sec et d\u00e9coupe \u00e0 l&#8217;emporte-pi\u00e8ce<br \/>\nCorps standard sans dates &#8211; 100 feuilles en lignes<br \/>\nCorps con\u00e7u sur mesure sans dates<br \/>\nOption\u00a0: Insert color\u00e9 avec logo en forme d\u00e9coup\u00e9e \u00e0 l&#8217;emporte-pi\u00e8ce<\/p>\n","protected":false},"excerpt":{"rendered":"<p>Cahier \u00e0 couverture rigide avec reliure en spirale semi-cach\u00e9e. Couverture &#8211; couverture rigide avec papier thermoactif avec gaufrage \u00e0 sec et d\u00e9coupe \u00e0 l&#8217;emporte-pi\u00e8ce<br \/>\nCorps standard sans dattes &#8211; 100 feuilles doubl\u00e9es<br \/>\nCorps con\u00e7u sur mesure sans dates<br \/>\nOption\u00a0: insert color\u00e9 avec logo<\/p>\n","protected":false},"featured_media":1930,"comment_status":"closed","ping_status":"closed","template":"","meta":{"_acf_changed":false},"product_brand":[],"product_cat":[56],"product_tag":[],"class_list":{"0":"post-2089","1":"product","2":"type-product","3":"status-publish","4":"has-post-thumbnail","6":"product_cat-notebooks-fr","8":"first","9":"instock","10":"shipping-taxable","11":"product-type-simple"},"acf":[],"_links":{"self":[{"href":"https:\/\/dejabg.eu\/fr\/wp-json\/wp\/v2\/product\/2089","targetHints":{"allow":["GET"]}}],"collection":[{"href":"https:\/\/dejabg.eu\/fr\/wp-json\/wp\/v2\/product"}],"about":[{"href":"https:\/\/dejabg.eu\/fr\/wp-json\/wp\/v2\/types\/product"}],"replies":[{"embeddable":true,"href":"https:\/\/dejabg.eu\/fr\/wp-json\/wp\/v2\/comments?post=2089"}],"wp:featuredmedia":[{"embeddable":true,"href":"https:\/\/dejabg.eu\/fr\/wp-json\/wp\/v2\/media\/1930"}],"wp:attachment":[{"href":"https:\/\/dejabg.eu\/fr\/wp-json\/wp\/v2\/media?parent=2089"}],"wp:term":[{"taxonomy":"product_brand","embeddable":true,"href":"https:\/\/dejabg.eu\/fr\/wp-json\/wp\/v2\/product_brand?post=2089"},{"taxonomy":"product_cat","embeddable":true,"href":"https:\/\/dejabg.eu\/fr\/wp-json\/wp\/v2\/product_cat?post=2089"},{"taxonomy":"product_tag","embeddable":true,"href":"https:\/\/dejabg.eu\/fr\/wp-json\/wp\/v2\/product_tag?post=2089"}],"curies":[{"name":"wp","href":"https:\/\/api.w.org\/{rel}","templated":true}]}}