{"id":2088,"date":"2025-05-22T12:13:49","date_gmt":"2025-05-22T12:13:49","guid":{"rendered":"https:\/\/dejabg.eu\/product\/corporate-wire-o-hidden-b5\/"},"modified":"2025-08-21T13:04:51","modified_gmt":"2025-08-21T13:04:51","slug":"corporate-wire-o-hidden-b5","status":"publish","type":"product","link":"https:\/\/dejabg.eu\/fr\/produit\/corporate-wire-o-hidden-b5\/","title":{"rendered":"FIL D&rsquo;ENTREPRISE &#8211; O CACH\u00c9 B5"},"content":{"rendered":"","protected":false},"excerpt":{"rendered":"<p>Les carnets personnalis\u00e9s peuvent \u00eatre un excellent cadeau promotionnel pour faire la publicit\u00e9 de votre entreprise. Pour vos campagnes, nous pouvons concevoir des agendas avec les d\u00e9tails de votre entreprise et le logo sur des cahiers.<\/p>\n","protected":false},"featured_media":1924,"comment_status":"closed","ping_status":"closed","template":"","meta":{"_acf_changed":false},"product_brand":[],"product_cat":[56],"product_tag":[],"class_list":{"0":"post-2088","1":"product","2":"type-product","3":"status-publish","4":"has-post-thumbnail","6":"product_cat-notebooks-fr","8":"first","9":"instock","10":"shipping-taxable","11":"product-type-simple"},"acf":[],"_links":{"self":[{"href":"https:\/\/dejabg.eu\/fr\/wp-json\/wp\/v2\/product\/2088","targetHints":{"allow":["GET"]}}],"collection":[{"href":"https:\/\/dejabg.eu\/fr\/wp-json\/wp\/v2\/product"}],"about":[{"href":"https:\/\/dejabg.eu\/fr\/wp-json\/wp\/v2\/types\/product"}],"replies":[{"embeddable":true,"href":"https:\/\/dejabg.eu\/fr\/wp-json\/wp\/v2\/comments?post=2088"}],"wp:featuredmedia":[{"embeddable":true,"href":"https:\/\/dejabg.eu\/fr\/wp-json\/wp\/v2\/media\/1924"}],"wp:attachment":[{"href":"https:\/\/dejabg.eu\/fr\/wp-json\/wp\/v2\/media?parent=2088"}],"wp:term":[{"taxonomy":"product_brand","embeddable":true,"href":"https:\/\/dejabg.eu\/fr\/wp-json\/wp\/v2\/product_brand?post=2088"},{"taxonomy":"product_cat","embeddable":true,"href":"https:\/\/dejabg.eu\/fr\/wp-json\/wp\/v2\/product_cat?post=2088"},{"taxonomy":"product_tag","embeddable":true,"href":"https:\/\/dejabg.eu\/fr\/wp-json\/wp\/v2\/product_tag?post=2088"}],"curies":[{"name":"wp","href":"https:\/\/api.w.org\/{rel}","templated":true}]}}