{"id":2084,"date":"2025-05-22T12:10:00","date_gmt":"2025-05-22T12:10:00","guid":{"rendered":"https:\/\/dejabg.eu\/product\/baloon-a5\/"},"modified":"2025-08-21T13:04:51","modified_gmt":"2025-08-21T13:04:51","slug":"baloon-a5","status":"publish","type":"product","link":"https:\/\/dejabg.eu\/fr\/produit\/baloon-a5\/","title":{"rendered":"BALOON A5"},"content":{"rendered":"<p>Carnet BALOON A5 avec reliure en spirale semi-cach\u00e9e.Couverture &#8211; couverture rigide avec papier thermoactif avec gaufrage \u00e0 sec et d\u00e9coupage \u00e0 l&#8217;emporte-pi\u00e8ce.<br \/>\nFormat A5 &#8211; 145 x 210 mm<br \/>\nCorps standard sans dates &#8211; 100 feuilles en lignes<br \/>\nCorps avec design individuel sans dates<br \/>\nOption\u00a0: Insert color\u00e9 avec logo en forme d\u00e9coup\u00e9e \u00e0 l&#8217;emporte-pi\u00e8ce<\/p>\n","protected":false},"excerpt":{"rendered":"<div class=\"fusion-layout-column fusion_builder_column fusion-builder-column-0 fusion_builder_column_1_1 1_1 fusion-flex-column\">\n<div class=\"fusion-column-wrapper fusion-column-has-shadow fusion-flex-justify-content-flex-start fusion-content-layout-column\">\n<div class=\"fusion-text fusion-text-1\">\n<p style=\"text-align: left;\">Carnet BALOON A5 avec reliure en spirale semi-cach\u00e9e.<\/p>\n<p style=\"text-align: left;\">Couverture &#8211; couverture rigide avec papier thermoactif avec gaufrage \u00e0 sec et d\u00e9coupage \u00e0 l&#8217;emporte-pi\u00e8ce.Format A5 &#8211; 145 x 210 mm<br \/>\nCorps standard sans dates &#8211; 100 feuilles en lignes<br \/>\nCorps avec design individuel sans dates<br \/>\nOption\u00a0: Insert color\u00e9 avec logo en forme d\u00e9coup\u00e9e \u00e0 l&#8217;emporte-pi\u00e8ce<\/p>\n<\/div>\n<\/div>\n<\/div>\n","protected":false},"featured_media":1888,"comment_status":"closed","ping_status":"closed","template":"","meta":{"_acf_changed":false},"product_brand":[],"product_cat":[56],"product_tag":[],"class_list":{"0":"post-2084","1":"product","2":"type-product","3":"status-publish","4":"has-post-thumbnail","6":"product_cat-notebooks-fr","8":"first","9":"instock","10":"shipping-taxable","11":"product-type-simple"},"acf":[],"_links":{"self":[{"href":"https:\/\/dejabg.eu\/fr\/wp-json\/wp\/v2\/product\/2084","targetHints":{"allow":["GET"]}}],"collection":[{"href":"https:\/\/dejabg.eu\/fr\/wp-json\/wp\/v2\/product"}],"about":[{"href":"https:\/\/dejabg.eu\/fr\/wp-json\/wp\/v2\/types\/product"}],"replies":[{"embeddable":true,"href":"https:\/\/dejabg.eu\/fr\/wp-json\/wp\/v2\/comments?post=2084"}],"wp:featuredmedia":[{"embeddable":true,"href":"https:\/\/dejabg.eu\/fr\/wp-json\/wp\/v2\/media\/1888"}],"wp:attachment":[{"href":"https:\/\/dejabg.eu\/fr\/wp-json\/wp\/v2\/media?parent=2084"}],"wp:term":[{"taxonomy":"product_brand","embeddable":true,"href":"https:\/\/dejabg.eu\/fr\/wp-json\/wp\/v2\/product_brand?post=2084"},{"taxonomy":"product_cat","embeddable":true,"href":"https:\/\/dejabg.eu\/fr\/wp-json\/wp\/v2\/product_cat?post=2084"},{"taxonomy":"product_tag","embeddable":true,"href":"https:\/\/dejabg.eu\/fr\/wp-json\/wp\/v2\/product_tag?post=2084"}],"curies":[{"name":"wp","href":"https:\/\/api.w.org\/{rel}","templated":true}]}}