{"id":2076,"date":"2025-05-22T12:17:47","date_gmt":"2025-05-22T12:17:47","guid":{"rendered":"https:\/\/dejabg.eu\/product\/notizbloecke\/"},"modified":"2025-08-21T12:48:07","modified_gmt":"2025-08-21T12:48:07","slug":"notizbloecke","status":"publish","type":"product","link":"https:\/\/dejabg.eu\/de\/produkt\/notizbloecke\/","title":{"rendered":"NOTIZBL\u00d6CKE"},"content":{"rendered":"","protected":false},"excerpt":{"rendered":"<p>Wir bieten ma\u00dfgeschneiderte Notizbl\u00f6cke an.<\/p>\n","protected":false},"featured_media":1953,"comment_status":"closed","ping_status":"closed","template":"","meta":{"_acf_changed":false},"product_brand":[],"product_cat":[54],"product_tag":[],"class_list":{"0":"post-2076","1":"product","2":"type-product","3":"status-publish","4":"has-post-thumbnail","6":"product_cat-notizbucher","8":"first","9":"instock","10":"shipping-taxable","11":"product-type-simple"},"acf":[],"_links":{"self":[{"href":"https:\/\/dejabg.eu\/de\/wp-json\/wp\/v2\/product\/2076","targetHints":{"allow":["GET"]}}],"collection":[{"href":"https:\/\/dejabg.eu\/de\/wp-json\/wp\/v2\/product"}],"about":[{"href":"https:\/\/dejabg.eu\/de\/wp-json\/wp\/v2\/types\/product"}],"replies":[{"embeddable":true,"href":"https:\/\/dejabg.eu\/de\/wp-json\/wp\/v2\/comments?post=2076"}],"wp:featuredmedia":[{"embeddable":true,"href":"https:\/\/dejabg.eu\/de\/wp-json\/wp\/v2\/media\/1953"}],"wp:attachment":[{"href":"https:\/\/dejabg.eu\/de\/wp-json\/wp\/v2\/media?parent=2076"}],"wp:term":[{"taxonomy":"product_brand","embeddable":true,"href":"https:\/\/dejabg.eu\/de\/wp-json\/wp\/v2\/product_brand?post=2076"},{"taxonomy":"product_cat","embeddable":true,"href":"https:\/\/dejabg.eu\/de\/wp-json\/wp\/v2\/product_cat?post=2076"},{"taxonomy":"product_tag","embeddable":true,"href":"https:\/\/dejabg.eu\/de\/wp-json\/wp\/v2\/product_tag?post=2076"}],"curies":[{"name":"wp","href":"https:\/\/api.w.org\/{rel}","templated":true}]}}