{"id":2072,"date":"2025-05-22T12:14:25","date_gmt":"2025-05-22T12:14:25","guid":{"rendered":"https:\/\/dejabg.eu\/product\/loewenzahn-a5\/"},"modified":"2025-08-21T12:48:01","modified_gmt":"2025-08-21T12:48:01","slug":"loewenzahn-a5","status":"publish","type":"product","link":"https:\/\/dejabg.eu\/de\/produkt\/loewenzahn-a5\/","title":{"rendered":"L\u00d6WENZAHN A5"},"content":{"rendered":"<p>L\u00f6wenzahn-Notizbuch mit halbversteckter Spiralbindung. Einband &#8211; Hardcover mit thermoaktivem Papier mit Trockenpr\u00e4gung und Stanzung<br \/>\nStandardk\u00f6rper ohne Datumsangaben &#8211; 100 Bl\u00e4tter in Reihen<br \/>\nIndividuell gestaltete Karosserie ohne Datumsangaben<br \/>\nOption: Farbige Einlage mit Logo in gestanzter Form<\/p>\n","protected":false},"excerpt":{"rendered":"<p>Hardcover-Notizbuch mit halbversteckter Spiralbindung. Einband &#8211; Hardcover mit thermoaktivem Papier mit Trockenpr\u00e4gung und Stanzung<br \/>\nStandardk\u00f6rper ohne Datumsangaben &#8211; 100 linierte Bl\u00e4tter<br \/>\nIndividuell gestaltete Karosserie ohne Datumsangaben<br \/>\nOption: Farbiger Einsatz mit Logo<\/p>\n","protected":false},"featured_media":1931,"comment_status":"closed","ping_status":"closed","template":"","meta":{"_acf_changed":false},"product_brand":[],"product_cat":[54],"product_tag":[],"class_list":{"0":"post-2072","1":"product","2":"type-product","3":"status-publish","4":"has-post-thumbnail","6":"product_cat-notizbucher","8":"first","9":"instock","10":"shipping-taxable","11":"product-type-simple"},"acf":[],"_links":{"self":[{"href":"https:\/\/dejabg.eu\/de\/wp-json\/wp\/v2\/product\/2072","targetHints":{"allow":["GET"]}}],"collection":[{"href":"https:\/\/dejabg.eu\/de\/wp-json\/wp\/v2\/product"}],"about":[{"href":"https:\/\/dejabg.eu\/de\/wp-json\/wp\/v2\/types\/product"}],"replies":[{"embeddable":true,"href":"https:\/\/dejabg.eu\/de\/wp-json\/wp\/v2\/comments?post=2072"}],"wp:featuredmedia":[{"embeddable":true,"href":"https:\/\/dejabg.eu\/de\/wp-json\/wp\/v2\/media\/1931"}],"wp:attachment":[{"href":"https:\/\/dejabg.eu\/de\/wp-json\/wp\/v2\/media?parent=2072"}],"wp:term":[{"taxonomy":"product_brand","embeddable":true,"href":"https:\/\/dejabg.eu\/de\/wp-json\/wp\/v2\/product_brand?post=2072"},{"taxonomy":"product_cat","embeddable":true,"href":"https:\/\/dejabg.eu\/de\/wp-json\/wp\/v2\/product_cat?post=2072"},{"taxonomy":"product_tag","embeddable":true,"href":"https:\/\/dejabg.eu\/de\/wp-json\/wp\/v2\/product_tag?post=2072"}],"curies":[{"name":"wp","href":"https:\/\/api.w.org\/{rel}","templated":true}]}}