{"id":2071,"date":"2025-05-22T12:13:49","date_gmt":"2025-05-22T12:13:49","guid":{"rendered":"https:\/\/dejabg.eu\/product\/corporate-wire-o-hidden-b5\/"},"modified":"2025-08-21T12:48:00","modified_gmt":"2025-08-21T12:48:00","slug":"corporate-wire-o-hidden-b5","status":"publish","type":"product","link":"https:\/\/dejabg.eu\/de\/produkt\/corporate-wire-o-hidden-b5\/","title":{"rendered":"CORPORATE WIRE-O HIDDEN B5"},"content":{"rendered":"","protected":false},"excerpt":{"rendered":"<p>Personalisierte Notizb\u00fccher k\u00f6nnen ein gro\u00dfartiges Werbegeschenk sein, um f\u00fcr Ihr Unternehmen zu werben. F\u00fcr Ihre Kampagnen gestalten wir Tageb\u00fccher mit Ihren Firmendaten und Ihrem Logo auf Notizb\u00fcchern.<\/p>\n","protected":false},"featured_media":1925,"comment_status":"closed","ping_status":"closed","template":"","meta":{"_acf_changed":false},"product_brand":[],"product_cat":[54],"product_tag":[],"class_list":{"0":"post-2071","1":"product","2":"type-product","3":"status-publish","4":"has-post-thumbnail","6":"product_cat-notizbucher","8":"first","9":"instock","10":"shipping-taxable","11":"product-type-simple"},"acf":[],"_links":{"self":[{"href":"https:\/\/dejabg.eu\/de\/wp-json\/wp\/v2\/product\/2071","targetHints":{"allow":["GET"]}}],"collection":[{"href":"https:\/\/dejabg.eu\/de\/wp-json\/wp\/v2\/product"}],"about":[{"href":"https:\/\/dejabg.eu\/de\/wp-json\/wp\/v2\/types\/product"}],"replies":[{"embeddable":true,"href":"https:\/\/dejabg.eu\/de\/wp-json\/wp\/v2\/comments?post=2071"}],"wp:featuredmedia":[{"embeddable":true,"href":"https:\/\/dejabg.eu\/de\/wp-json\/wp\/v2\/media\/1925"}],"wp:attachment":[{"href":"https:\/\/dejabg.eu\/de\/wp-json\/wp\/v2\/media?parent=2071"}],"wp:term":[{"taxonomy":"product_brand","embeddable":true,"href":"https:\/\/dejabg.eu\/de\/wp-json\/wp\/v2\/product_brand?post=2071"},{"taxonomy":"product_cat","embeddable":true,"href":"https:\/\/dejabg.eu\/de\/wp-json\/wp\/v2\/product_cat?post=2071"},{"taxonomy":"product_tag","embeddable":true,"href":"https:\/\/dejabg.eu\/de\/wp-json\/wp\/v2\/product_tag?post=2071"}],"curies":[{"name":"wp","href":"https:\/\/api.w.org\/{rel}","templated":true}]}}